{"id":2,"date":"2023-03-04T07:30:07","date_gmt":"2023-03-04T06:30:07","guid":{"rendered":"https:\/\/suzyinwanderland.hu\/?page_id=2"},"modified":"2023-03-20T17:15:48","modified_gmt":"2023-03-20T16:15:48","slug":"rolam","status":"publish","type":"page","link":"https:\/\/suzyinwanderland.hu\/?page_id=2","title":{"rendered":"R\u00f3lam"},"content":{"rendered":"\n<p>Zsuzsi vagyok, megsz\u00e1llott vil\u00e1gutaz\u00f3, jav\u00edthatatlan \u00e1lmodoz\u00f3.<\/p>\n\n\n\n<p>Mindig is vonzott az utaz\u00e1s, azonban fordul\u00f3pont volt az \u00e9letemben, amikor egy nagy nemzetk\u00f6zi l\u00e9git\u00e1rsas\u00e1gn\u00e1l kezdtem dolgozni, \u00edgy a kedvezm\u00e9nyes rep\u00fcl\u0151jegyeknek h\u00e1la olyan helyekre is volt lehet\u0151s\u00e9gem eljutni, amir\u0151l el\u0151tte \u00e1lmodni sem mertem. Innen m\u00e1r nem volt meg\u00e1ll\u00e1s, kiny\u00edlt a vil\u00e1g \u00e9s elkapott a g\u00e9psz\u00edj: jelentem, utaz\u00e1sf\u00fcgg\u0151 lettem, de ebb\u0151l a f\u00fcgg\u0151s\u00e9gb\u0151l k\u00f6sz\u00f6n\u00f6m sz\u00e9pen, ha lehet, nem szeretn\u00e9k kigy\u00f3gyulni, mert \u00e1ltala tal\u00e1ltam igaz\u00e1n \u00f6nmagamra.<\/p>\n\n\n\n<p>Ugyanis az utaz\u00e1sok alatt tudom a legintenz\u00edvebben \u00e1t\u00e9lni azt, ami motiv\u00e1l az \u00e9letben: megismerni a vil\u00e1got, benne az embereket, \u00e9s saj\u00e1t magamat. T\u00e1g\u00edtani a horizontomat, feszegetni a hat\u00e1raimat, kapcsol\u00f3dni, meg\u00e9lni, kipr\u00f3b\u00e1lni, tanulni: fejl\u0151dni.<\/p>\n\n\n\n<p>Nyitott sz\u00edvvel, \u00e9s nyitott elm\u00e9vel, mert csak \u00edgy \u00e9rdemes. Ezt a szellemis\u00e9get szeretn\u00e9m \u00e1tadni nektek is az \u00edr\u00e1saimon kereszt\u00fcl. Gyertek velem!<\/p>\n","protected":false},"excerpt":{"rendered":"<p>Zsuzsi vagyok, megsz\u00e1llott vil\u00e1gutaz\u00f3, jav\u00edthatatlan \u00e1lmodoz\u00f3. Mindig is vonzott az utaz\u00e1s, azonban fordul\u00f3pont volt az \u00e9letemben, amikor egy nagy nemzetk\u00f6zi l\u00e9git\u00e1rsas\u00e1gn\u00e1l kezdtem dolgozni, \u00edgy a kedvezm\u00e9nyes rep\u00fcl\u0151jegyeknek h\u00e1la olyan helyekre is volt lehet\u0151s\u00e9gem eljutni, amir\u0151l el\u0151tte \u00e1lmodni sem mertem. Innen &hellip; <a href=\"https:\/\/suzyinwanderland.hu\/?page_id=2\">Egy kattint\u00e1s ide a folytat\u00e1shoz&#8230;. <span class=\"meta-nav\">&rarr;<\/span><\/a><\/p>\n","protected":false},"author":1,"featured_media":0,"parent":0,"menu_order":0,"comment_status":"closed","ping_status":"closed","template":"","meta":{"inline_featured_image":false,"footnotes":""},"class_list":["post-2","page","type-page","status-publish","hentry"],"_links":{"self":[{"href":"https:\/\/suzyinwanderland.hu\/index.php?rest_route=\/wp\/v2\/pages\/2","targetHints":{"allow":["GET"]}}],"collection":[{"href":"https:\/\/suzyinwanderland.hu\/index.php?rest_route=\/wp\/v2\/pages"}],"about":[{"href":"https:\/\/suzyinwanderland.hu\/index.php?rest_route=\/wp\/v2\/types\/page"}],"author":[{"embeddable":true,"href":"https:\/\/suzyinwanderland.hu\/index.php?rest_route=\/wp\/v2\/users\/1"}],"replies":[{"embeddable":true,"href":"https:\/\/suzyinwanderland.hu\/index.php?rest_route=%2Fwp%2Fv2%2Fcomments&post=2"}],"version-history":[{"count":3,"href":"https:\/\/suzyinwanderland.hu\/index.php?rest_route=\/wp\/v2\/pages\/2\/revisions"}],"predecessor-version":[{"id":25,"href":"https:\/\/suzyinwanderland.hu\/index.php?rest_route=\/wp\/v2\/pages\/2\/revisions\/25"}],"wp:attachment":[{"href":"https:\/\/suzyinwanderland.hu\/index.php?rest_route=%2Fwp%2Fv2%2Fmedia&parent=2"}],"curies":[{"name":"wp","href":"https:\/\/api.w.org\/{rel}","templated":true}]}}